{"id":317,"date":"2018-07-30T16:30:57","date_gmt":"2018-07-30T14:30:57","guid":{"rendered":"https:\/\/www.empleo-info.eu\/?page_id=317"},"modified":"2018-10-07T15:56:39","modified_gmt":"2018-10-07T13:56:39","slug":"condicion-de-la-estadia","status":"publish","type":"page","link":"https:\/\/www.empleo-info.eu\/es\/consejos-practicos\/condicion-de-la-estadia\/","title":{"rendered":"Requisitos de residencia"},"content":{"rendered":"<h1>Requisitos de residencia<\/h1>\n<h2>Las formalidades que deben cumplirse para viajar y residir en Nueva Aquitania, Euskadi o Navarra var\u00edan seg\u00fan la nacionalidad y la duraci\u00f3n de la estancia.<\/h2>\n<h3><strong>En Nueva Aquitania<\/strong><\/h3>\n<p>Cualquier ciudadano europeo que desee establecer su residencia habitual en Francia debe registrarse en el ayuntamiento de su municipio de residencia en los tres meses posteriores a su llegada. Dependiendo de tu situaci\u00f3n: <a href=\"http:\/\/accueil-etrangers.gouv.fr\/demande-de-titre-de-sejour\/vous-etes-ressortissant-e-de-l-ue\/vous-etes-ressortissant-e-de-l-ue\/vous-etes-ressortissant-e-de-l-ue\/article\/vous-souhaitez-exercer-une\" target=\"_blank\" rel=\"noopener\">trabajador por cuenta ajena,<\/a> <a href=\"http:\/\/accueil-etrangers.gouv.fr\/demande-de-titre-de-sejour\/vous-etes-ressortissant-e-de-l-ue\/vous-etes-ressortissant-e-de-l-ue\/vous-etes-ressortissant-e-de-l-ue\/article\/vous-souhaitez-exercer-une-133\" target=\"_blank\" rel=\"noopener\">trabajador por cuenta propia<\/a>, <a href=\"http:\/\/accueil-etrangers.gouv.fr\/demande-de-titre-de-sejour\/vous-etes-ressortissant-e-de-l-ue\/vous-etes-ressortissant-e-de-l-ue\/vous-etes-ressortissant-e-de-l-ue\/article\/vous-etes-etudiant-e\">estudiante<\/a>,\u00a0 <a href=\"http:\/\/accueil-etrangers.gouv.fr\/demande-de-titre-de-sejour\/vous-etes-ressortissant-e-de-l-ue\/vous-etes-ressortissant-e-de-l-ue\/vous-etes-ressortissant-e-de-l-ue\/article\/vous-etes-non-actif\">\u00a0<\/a><a href=\"http:\/\/accueil-etrangers.gouv.fr\/demande-de-titre-de-sejour\/vous-etes-ressortissant-e-de-l-ue\/vous-etes-ressortissant-e-de-l-ue\/vous-etes-ressortissant-e-de-l-ue\/article\/vous-etes-non-actif\" target=\"_blank\" rel=\"noopener\">solicitante de empleo <\/a>los documentos acreditativos que debe presentar para obtener el permiso de residencia var\u00edan. Tras 5 a\u00f1os, es posible solicitar un <a href=\"http:\/\/accueil-etrangers.gouv.fr\/demande-de-titre-de-sejour\/vous-etes-ressortissant-e-de-l-ue\/vous-etes-ressortissant-e-de-l-ue\/vous-etes-ressortissant-e-de-l-ue\/article\/vous-demandez-une-carte-de-sejour\" target=\"_blank\" rel=\"noopener\">permiso de residencia permanente<\/a>.<\/p>\n<h3><strong>En Euskadi o en Navarra<\/strong><\/h3>\n<p>Los nacionales de la Uni\u00f3n Europea o del Espacio Econ\u00f3mico Europeo pueden residir en Euskadi y Navarra sin necesidad de un permiso de residencia. Sin embargo, deben solicitar su inscripci\u00f3n en el <a href=\"http:\/\/extranjeros.empleo.gob.es\/es\/InformacionInteres\/InformacionProcedimientos\/CiudadanosComunitarios\/hoja102\/index.html\" target=\"_blank\" rel=\"noopener\">Registro Central de Extranjeros<\/a> tras tres meses de residencia. Al registrarse se emitir\u00e1 un certificado de registro que incluye el N\u00famero de Identidad de Extranjero (NIE) que le ser\u00e1 expedido. La tarjeta de residencia tiene una validez de 5 a\u00f1os.<\/p>\n<p>Deben presentar una solicitud ante la Comisar\u00eda de la Polic\u00eda Nacional, Oficina de Extranjeros:<\/p>\n<ul>\n<li><a href=\"http:\/\/www.euskadi.eus\/web01-a2famil\/fr\/contenidos\/informacion\/comisaria_vitoria_ginm\/fr_grecinmi\/f3008.html\" target=\"_blank\" rel=\"noopener\">Vitoria<\/a><\/li>\n<li><a href=\"http:\/\/www.euskadi.eus\/web01-a2famil\/fr\/contenidos\/informacion\/comisaria_bilbao_ginm\/fr_grecinmi\/f3010.html\" target=\"_blank\" rel=\"noopener\">Bilbao<\/a><\/li>\n<li><a href=\"http:\/\/www.euskadi.eus\/web01-a2famil\/fr\/contenidos\/informacion\/comisaria_donosti_ginm\/fr_grecinmi\/f3007.html\" target=\"_blank\" rel=\"noopener\">Donostia-San Sebasti\u00e1n<\/a><\/li>\n<li><a href=\"http:\/\/www.euskadi.eus\/web01-a2famil\/fr\/contenidos\/informacion\/comisaria_irun_ginmi\/fr_grecinmi\/f3009.html\" target=\"_blank\" rel=\"noopener\">Ir\u00fan<\/a><\/li>\n<li><a href=\"https:\/\/www.policia.es\/documentacion\/oficinas\/navarra.html\" target=\"_blank\" rel=\"noopener\">Pamplona<\/a><\/li>\n<\/ul>\n","protected":false},"excerpt":{"rendered":"<p>Requisitos de residencia Las formalidades que deben cumplirse para viajar y residir en Nueva Aquitania, Euskadi o Navarra var\u00edan seg\u00fan la nacionalidad y la duraci\u00f3n [&hellip;]<\/p>\n","protected":false},"author":13,"featured_media":677,"parent":309,"menu_order":3,"comment_status":"closed","ping_status":"closed","template":"page-sticky_sidebar.php","meta":[],"class_list":["post-317","page","type-page","status-publish","has-post-thumbnail","hentry"],"_links":{"self":[{"href":"https:\/\/www.empleo-info.eu\/es\/wp-json\/wp\/v2\/pages\/317","targetHints":{"allow":["GET"]}}],"collection":[{"href":"https:\/\/www.empleo-info.eu\/es\/wp-json\/wp\/v2\/pages"}],"about":[{"href":"https:\/\/www.empleo-info.eu\/es\/wp-json\/wp\/v2\/types\/page"}],"author":[{"embeddable":true,"href":"https:\/\/www.empleo-info.eu\/es\/wp-json\/wp\/v2\/users\/13"}],"replies":[{"embeddable":true,"href":"https:\/\/www.empleo-info.eu\/es\/wp-json\/wp\/v2\/comments?post=317"}],"version-history":[{"count":0,"href":"https:\/\/www.empleo-info.eu\/es\/wp-json\/wp\/v2\/pages\/317\/revisions"}],"up":[{"embeddable":true,"href":"https:\/\/www.empleo-info.eu\/es\/wp-json\/wp\/v2\/pages\/309"}],"wp:featuredmedia":[{"embeddable":true,"href":"https:\/\/www.empleo-info.eu\/es\/wp-json\/wp\/v2\/media\/677"}],"wp:attachment":[{"href":"https:\/\/www.empleo-info.eu\/es\/wp-json\/wp\/v2\/media?parent=317"}],"curies":[{"name":"wp","href":"https:\/\/api.w.org\/{rel}","templated":true}]}}