{"id":315,"date":"2018-07-30T16:30:23","date_gmt":"2018-07-30T14:30:23","guid":{"rendered":"https:\/\/www.empleo-info.eu\/?page_id=315"},"modified":"2018-10-22T14:33:48","modified_gmt":"2018-10-22T12:33:48","slug":"abre-una-cuenta-bancaria","status":"publish","type":"page","link":"https:\/\/www.empleo-info.eu\/es\/consejos-practicos\/abre-una-cuenta-bancaria\/","title":{"rendered":"Abrir una cuenta bancaria"},"content":{"rendered":"<h1>Abrir una cuenta bancaria<\/h1>\n<h2>Legalmente, es posible, tener una cuenta bancaria en el extranjero. Pero cuidado, las personas f\u00edsicas y ciertas personas jur\u00eddicas domiciliadas o establecidas en el extranjero tienen la obligaci\u00f3n de declarar las cuentas abiertas en el extranjero.<\/h2>\n<h3><strong>En Nueva Aquitania<\/strong><\/h3>\n<p>Abrir una cuenta bancaria en Francia es complicado <strong>si no vives en Francia<\/strong>. Ser\u00e1 imposible abrir una cuenta en un banco online, y una serie de bancos tradicionales tambi\u00e9n se niegan.<\/p>\n<p>Para abrir una cuenta bancaria, <strong>si vives en Francia<\/strong>, la forma m\u00e1s f\u00e1cil es ir a una oficina con los siguientes documentos:<\/p>\n<ul>\n<li>Un documento nacional de identidad o un pasaporte oficial expedido por un pa\u00eds miembro de la Uni\u00f3n Europea.<\/li>\n<li>El recibo de alg\u00fan suministro de su domicilio.<\/li>\n<li>Un extracto de su firma.<\/li>\n<\/ul>\n<p>Algunos bancos tambi\u00e9n solicitan la(s) \u00faltima(s) renta(s):<\/p>\n<h3><strong>En Euskadi y Navarra<\/strong><\/h3>\n<p>Abrir una cuenta en un banco en Euskadi o Navarra es simple. Simplemente vaya a una oficina con los siguientes documentos acreditativos (no es posible la apertura remota).<\/p>\n<p><strong>Si no es residente<\/strong>, debe tener en su poder:<\/p>\n<ul>\n<li>Un documento de identidad (pasaporte, documento nacional de identidad) en vigor.<\/li>\n<li>Un recibo de su domicilio (factura de electricidad; recibo del pago del alquiler\u2026)<\/li>\n<li>Prueba de su situaci\u00f3n laboral o actividad profesional.<\/li>\n<\/ul>\n<p>Algunos bancos tambi\u00e9n piden un certificado de no residencia en forma de declaraci\u00f3n por su honor o certificado emitido por la comisar\u00eda de polic\u00eda (necesitar\u00e1 15 d\u00edas para obtenerlo). En algunos casos, el banco tambi\u00e9n puede hacerlo pero cobrar\u00e1 una comisi\u00f3n. El certificado debe renovarse cada 2 a\u00f1os.<\/p>\n<p><strong>Si reside en Euskadi o Navarra<\/strong>, es necesario presentar los siguientes documentos:<\/p>\n<ul>\n<li>Un documento de identidad.<\/li>\n<li>Un recibo de su domicilio (factura de electricidad\u2026).<\/li>\n<li>Prueba de su situaci\u00f3n laboral o actividad profesional.<\/li>\n<li>Un n\u00famero NIE (N\u00famero de Identidad de Extranjero).<\/li>\n<\/ul>\n","protected":false},"excerpt":{"rendered":"<p>Abrir una cuenta bancaria Legalmente, es posible, tener una cuenta bancaria en el extranjero. Pero cuidado, las personas f\u00edsicas y ciertas personas jur\u00eddicas domiciliadas o [&hellip;]<\/p>\n","protected":false},"author":13,"featured_media":677,"parent":309,"menu_order":2,"comment_status":"closed","ping_status":"closed","template":"page-sticky_sidebar.php","meta":[],"class_list":["post-315","page","type-page","status-publish","has-post-thumbnail","hentry"],"_links":{"self":[{"href":"https:\/\/www.empleo-info.eu\/es\/wp-json\/wp\/v2\/pages\/315","targetHints":{"allow":["GET"]}}],"collection":[{"href":"https:\/\/www.empleo-info.eu\/es\/wp-json\/wp\/v2\/pages"}],"about":[{"href":"https:\/\/www.empleo-info.eu\/es\/wp-json\/wp\/v2\/types\/page"}],"author":[{"embeddable":true,"href":"https:\/\/www.empleo-info.eu\/es\/wp-json\/wp\/v2\/users\/13"}],"replies":[{"embeddable":true,"href":"https:\/\/www.empleo-info.eu\/es\/wp-json\/wp\/v2\/comments?post=315"}],"version-history":[{"count":0,"href":"https:\/\/www.empleo-info.eu\/es\/wp-json\/wp\/v2\/pages\/315\/revisions"}],"up":[{"embeddable":true,"href":"https:\/\/www.empleo-info.eu\/es\/wp-json\/wp\/v2\/pages\/309"}],"wp:featuredmedia":[{"embeddable":true,"href":"https:\/\/www.empleo-info.eu\/es\/wp-json\/wp\/v2\/media\/677"}],"wp:attachment":[{"href":"https:\/\/www.empleo-info.eu\/es\/wp-json\/wp\/v2\/media?parent=315"}],"curies":[{"name":"wp","href":"https:\/\/api.w.org\/{rel}","templated":true}]}}