{"id":307,"date":"2018-07-30T16:27:59","date_gmt":"2018-07-30T14:27:59","guid":{"rendered":"https:\/\/www.empleo-info.eu\/?page_id=307"},"modified":"2018-08-23T10:33:24","modified_gmt":"2018-08-23T08:33:24","slug":"politica-de-confidencialidades","status":"publish","type":"page","link":"https:\/\/www.empleo-info.eu\/es\/politica-de-confidencialidades\/","title":{"rendered":"Pol\u00edtica de confidencialidades"},"content":{"rendered":"<p><strong>Fecha de actualizaci\u00f3n 19\/07\/2018<\/strong><\/p>\n<p>EMPLEO &#8211; Eurorergi\u00f3n Nueva Aquitania Euskadi Navarra se compromete a que la recopilaci\u00f3n y el tratamiento de sus datos, realizados desde la web www.empleo-info.eu, cumplan con el Reglamento General de Protecci\u00f3n de Datos (GDPR) y a la ley Inform\u00e1tica y Libertades.<\/p>\n<p>La presente informaci\u00f3n de nuestra pol\u00edtica de privacidad informa de c\u00f3mo EMPLEO &#8211; Eurorergi\u00f3n Nueva Aquitania Euskadi Navarra utiliza y protege la informaci\u00f3n que nos transmite, en su caso, cuando utiliza este sitio accesible desde la siguiente URL: www.empleo-info.eu (en adelante la \u201cweb\u00bb).<\/p>\n<h3>DATOS PERSONALES<\/h3>\n<p>Cada formulario o teleservicio limita la recopilaci\u00f3n de datos personales al m\u00ednimo estricto necesario (minimizaci\u00f3n de datos) e indica en particular:<\/p>\n<ul>\n<li>cu\u00e1les son los objetivos de la recolecci\u00f3n de estos datos (prop\u00f3sitos)<\/li>\n<li>si estos datos son obligatorios u opcionales para la gesti\u00f3n de su aplicaci\u00f3n<\/li>\n<li>qui\u00e9n podr\u00e1 tomar utilizarlos (para esta web EMPLEO &#8211; Eurorergi\u00f3n Nueva Aquitania Euskadi Navarra)<\/li>\n<li>sus derechos de Inform\u00e1tica y Libertades y c\u00f3mo ejercerlos con la CNIL.<\/li>\n<\/ul>\n<p>Los datos personales recopilados como parte de los servicios ofrecidos en la web se procesan de acuerdo con protocolos seguros y permiten a EMPLEO &#8211; Eurorergi\u00f3n Nueva Aquitania Euskadi Navarra gestionar las solicitudes recibidas en sus aplicaciones inform\u00e1ticas.<\/p>\n<p>Para obtener informaci\u00f3n o ejercer sus derechos de Inform\u00e1tica y Libertades en el tratamiento de datos de car\u00e1cter personal gestionados por EMPLEO &#8211; Eurorergi\u00f3n Nueva Aquitania Euskadi Navarra, contacte (delegado de protecci\u00f3n de datos (RPD) \/ responsable de los datos personales): <a href=\"https:\/\/www.empleo-info.eu\/contact\">www.empleo-info.eu\/contact<\/a><\/p>\n<p>o mediante una carta firmada acompa\u00f1ada de una copia de un documento de identidad a la siguiente direcci\u00f3n:<\/p>\n<p style=\"padding-left: 30px;\">AECT Eurorregi\u00f3n<\/p>\n<p style=\"padding-left: 30px;\">Nueva Aquitania Euskadi Navarre<\/p>\n<p style=\"padding-left: 30px;\">Rue Leku Eder 64 700 Hendaye<\/p>\n<h3>Duraci\u00f3n de la conservaci\u00f3n<\/h3>\n<p>Para cumplir con sus obligaciones legales o contar con los elementos necesarios para hacer valer sus derechos, EMPLEO &#8211; Eurorergi\u00f3n Nueva Aquitania Euskadi Navarra podr\u00e1 archivar los datos en las condiciones previstas por la normativa.<\/p>\n<h3>Tiempo de respuesta<\/h3>\n<p>EMPLEO &#8211; Eurorergi\u00f3n Nueva Aquitania Euskadi Navarra \u00a0se compromete a responder a su solicitud de acceso, rectificaci\u00f3n u oposici\u00f3n o solicitud adicional de informaci\u00f3n dentro de un plazo razonable, no superior a 1 mes desde la recepci\u00f3n de su solicitud.<\/p>\n<h3>Queja a la autoridad competente<\/h3>\n<p>Si considera que EMPLEO- Eurorergi\u00f3n Nueva Aquitania Euskadi Navarra no cumple con sus obligaciones con respecto a su Informaci\u00f3n personal, puede presentar una queja o solicitud ante la autoridad competente. En Francia, la autoridad competente es la CNIL a la que puede dirigir una solicitud electr\u00f3nicamente haciendo clic en el siguiente enlace: <a href=\"https:\/\/www.cnil.fr\/fr\/plaintes\/internet\">https:\/\/www.cnil.fr\/fr\/plaintes\/internet.<\/a><\/p>\n","protected":false},"excerpt":{"rendered":"<p>Fecha de actualizaci\u00f3n 19\/07\/2018 EMPLEO &#8211; Eurorergi\u00f3n Nueva Aquitania Euskadi Navarra se compromete a que la recopilaci\u00f3n y el tratamiento de sus datos, realizados desde [&hellip;]<\/p>\n","protected":false},"author":13,"featured_media":0,"parent":0,"menu_order":6,"comment_status":"closed","ping_status":"closed","template":"","meta":[],"class_list":["post-307","page","type-page","status-publish","hentry"],"_links":{"self":[{"href":"https:\/\/www.empleo-info.eu\/es\/wp-json\/wp\/v2\/pages\/307","targetHints":{"allow":["GET"]}}],"collection":[{"href":"https:\/\/www.empleo-info.eu\/es\/wp-json\/wp\/v2\/pages"}],"about":[{"href":"https:\/\/www.empleo-info.eu\/es\/wp-json\/wp\/v2\/types\/page"}],"author":[{"embeddable":true,"href":"https:\/\/www.empleo-info.eu\/es\/wp-json\/wp\/v2\/users\/13"}],"replies":[{"embeddable":true,"href":"https:\/\/www.empleo-info.eu\/es\/wp-json\/wp\/v2\/comments?post=307"}],"version-history":[{"count":0,"href":"https:\/\/www.empleo-info.eu\/es\/wp-json\/wp\/v2\/pages\/307\/revisions"}],"wp:attachment":[{"href":"https:\/\/www.empleo-info.eu\/es\/wp-json\/wp\/v2\/media?parent=307"}],"curies":[{"name":"wp","href":"https:\/\/api.w.org\/{rel}","templated":true}]}}