{"id":235,"date":"2018-07-30T15:07:49","date_gmt":"2018-07-30T13:07:59","guid":{"rendered":"https:\/\/www.empleo-info.eu\/?page_id=235"},"modified":"2018-10-22T14:40:19","modified_gmt":"2018-10-22T12:40:19","slug":"aplicar","status":"publish","type":"page","link":"https:\/\/www.empleo-info.eu\/es\/estoy-buscando-trabajo\/en-navarra\/aplicar\/","title":{"rendered":"Postular a un empleo en Navarra"},"content":{"rendered":"<h1>Postular a un empleo en Navarra<\/h1>\n<h3>El CV<\/h3>\n<p>Debe redactar su CV en castellano o en euskera.<\/p>\n<p>Si tiene experiencia, <strong>se recomienda un CV de 2 p\u00e1ginas<\/strong>, los seleccionadores aprecian una descripci\u00f3n detallada de la experiencia. Cite sus tareas m\u00e1s importantes y los resultados para maximizar su valor. Si acaba de licenciarse, su curr\u00edculum tendr\u00e1 que caber en una p\u00e1gina y ser lo m\u00e1s conciso posible, para demostrar su capacidad de s\u00edntesis. La foto no es obligatoria.<\/p>\n<p>Las secciones:<\/p>\n<ul>\n<li><strong><u>Datos personales<\/u><\/strong>: debe agrupar la informaci\u00f3n personal en una secci\u00f3n llamada \u00abDatos personales\u00bb o \u00abDatos generales\u00bb.<\/li>\n<li><strong><u>Formaci\u00f3n<\/u><\/strong><u>:<\/u> debe indicar el t\u00edtulo obtenido, las fechas correspondientes, as\u00ed como el lugar de estudio, pero tambi\u00e9n las materias principales que ha estudiado. \u00a1Tenga cuidado de no transcribir sus diplomas palabra por palabra, porque no coinciden necesariamente!<\/li>\n<li><strong><u>Experiencia profesional<\/u><\/strong><strong>:<\/strong> en este apartado, no dude en mencionar sus cursos de formaci\u00f3n (pr\u00e1cticas) y sus trabajos de estudiante. Para cada experiencia, mencione las fechas, el nombre de la empresa, el puesto y las tareas realizadas. No es necesario detallar sus responsabilidades, el objetivo es dar una idea general de sus competencias. Si indica el nombre de una empresa en Francia o en el extranjero que no se conoce internacionalmente, ayude a su seleccionador incluyendo la actividad de la empresa.<\/li>\n<li><strong><u>Conocimientos<\/u><\/strong><strong>:<\/strong> en esta parte se esperan sus conocimientos ling\u00fc\u00edsticos e inform\u00e1ticos. Respecto a los idiomas, no dude en indicar si ha realizado una estancia en un pa\u00eds extranjero. Tenga cuidado en no sobreestimar su nivel de idioma en un curr\u00edculum.<\/li>\n<li><strong><u>Otras secciones<\/u><\/strong>: las actividades extra profesionales son muy valoradas por los empleadores que lo ven como una forma de comprender mejor la personalidad del candidato.<\/li>\n<\/ul>\n<p>Si es un profesional confirmado, debe invertir las secciones de \u00abFormaci\u00f3n\u00bb y \u00abExperiencias\u00bb, a diferencia del principiante que preferir\u00e1 la parte formaci\u00f3n.<\/p>\n<h3>\u00a0<strong>La carta de presentaci\u00f3n<\/strong><\/h3>\n<p>La carta de presentaci\u00f3n debe ser breve, se parece m\u00e1s a una carta que \u00abacompa\u00f1a\u00bb al CV que a una carta de presentaci\u00f3n real. Debe caber en una p\u00e1gina y estar firmada. Debe ilustrar las razones por la cuales le interesa a la empresa contratarle. Algunas recomendaciones para redactar la carta de presentaci\u00f3n en Navarra:<\/p>\n<ul>\n<li>Escriba en la esquina superior derecha la ciudad y la fecha.<\/li>\n<li>A continuaci\u00f3n, a la derecha, indique el nombre de la empresa y la persona a la que se dirige.<\/li>\n<li>Las frases educadas son extremadamente simples. Empiece la carta con \u00abMuy se\u00f1ores m\u00edos\u00bb. La concluir\u00e1 con \u00abAtentamente les saluda\u00bb. Por ejemplo, puede escribir sobriamente \u00abA la espera de recibir su llamada, les saludo atentamente\u00bb.<\/li>\n<li>Muestre en pocas l\u00edneas que conoce la empresa, sus conocimientos para el puesto y exponga claramente sus motivaciones personales.<\/li>\n<li>Si responde a un anuncio, debe recordar, desde la primera frase de la carta la naturaleza del puesto ofrecido y la fecha de publicaci\u00f3n del anuncio (\u00abEn relaci\u00f3n con su oferta de empleo de X, publicada en el diario Y \u00ab).<\/li>\n<\/ul>\n","protected":false},"excerpt":{"rendered":"<p>Postular a un empleo en Navarra El CV Debe redactar su CV en castellano o en euskera. Si tiene experiencia, se recomienda un CV de [&hellip;]<\/p>\n","protected":false},"author":13,"featured_media":165,"parent":231,"menu_order":1,"comment_status":"closed","ping_status":"closed","template":"page-sticky_sidebar.php","meta":[],"class_list":["post-235","page","type-page","status-publish","has-post-thumbnail","hentry"],"_links":{"self":[{"href":"https:\/\/www.empleo-info.eu\/es\/wp-json\/wp\/v2\/pages\/235","targetHints":{"allow":["GET"]}}],"collection":[{"href":"https:\/\/www.empleo-info.eu\/es\/wp-json\/wp\/v2\/pages"}],"about":[{"href":"https:\/\/www.empleo-info.eu\/es\/wp-json\/wp\/v2\/types\/page"}],"author":[{"embeddable":true,"href":"https:\/\/www.empleo-info.eu\/es\/wp-json\/wp\/v2\/users\/13"}],"replies":[{"embeddable":true,"href":"https:\/\/www.empleo-info.eu\/es\/wp-json\/wp\/v2\/comments?post=235"}],"version-history":[{"count":0,"href":"https:\/\/www.empleo-info.eu\/es\/wp-json\/wp\/v2\/pages\/235\/revisions"}],"up":[{"embeddable":true,"href":"https:\/\/www.empleo-info.eu\/es\/wp-json\/wp\/v2\/pages\/231"}],"wp:featuredmedia":[{"embeddable":true,"href":"https:\/\/www.empleo-info.eu\/es\/wp-json\/wp\/v2\/media\/165"}],"wp:attachment":[{"href":"https:\/\/www.empleo-info.eu\/es\/wp-json\/wp\/v2\/media?parent=235"}],"curies":[{"name":"wp","href":"https:\/\/api.w.org\/{rel}","templated":true}]}}