{"id":215,"date":"2018-07-30T14:54:49","date_gmt":"2018-07-30T12:54:51","guid":{"rendered":"https:\/\/www.empleo-info.eu\/?page_id=215"},"modified":"2018-10-22T14:30:37","modified_gmt":"2018-10-22T12:30:37","slug":"para-estudiantes","status":"publish","type":"page","link":"https:\/\/www.empleo-info.eu\/es\/formacion\/para-estudiantes\/","title":{"rendered":"Ayudas para los estudiantes"},"content":{"rendered":"<h3><strong>La Beca eurorregional Aquitania-Euskadi-Navarra<\/strong><\/h3>\n<p>Estructura de apoyo para la movilidad estudiantil transfronteriza financiado por la Eurorregi\u00f3n Nueva Aquitania \u2013 Euskadi \u2013 Navarra, y gestionada por la Comunidad de Universidades y Centros de Nueva Aquitania (<a href=\"http:\/\/www.cue-aquitaine.fr\/bourse_euroregionale_2018_2019.html\" target=\"_blank\" rel=\"noopener\">ComUE d\u2019Aquitaine<\/a>).<\/p>\n<p>La finalidad del programa es acompa\u00f1ar econ\u00f3micamente a estudiantes de Euskadi y Navarra, que durante un a\u00f1o acad\u00e9mico se trasladan a estudiar en alguno de los centros de ense\u00f1anza superior de Nueva Aquitania. Los beneficiarios reciben una beca de 300 \u20ac mensuales durante 5 meses. Esta ayuda no es incompatible con las dem\u00e1s ayudas existentes (Erasmus, etc.).<\/p>\n<p>La presentaci\u00f3n de solicitudes se abre todos los a\u00f1os en marzo y se realiza a trav\u00e9s de la p\u00e1gina web <a href=\"http:\/\/www.aquimob.fr\" target=\"_blank\" rel=\"noopener\">www.aquimob.fr<\/a><\/p>\n<h3>Eskola Futura<\/h3>\n<p>Estructura de apoyo transfronterizo a estudiantes para que pueden acceder a la formaci\u00f3n y a las oposiciones obligatorias para ejercer en las escuelas biling\u00fces de franc\u00e9s\/euskera y franc\u00e9s\/occitano. <a href=\"https:\/\/www.eskola-futura.eu\/\" target=\"_blank\" rel=\"noopener\">Eskola Futura<\/a> (Irakaslegaiak AEN) es un proyecto transfronterizo financiado por fondos europeos INTERREG POCTEFA. El proyecto asume los gastos de inscripci\u00f3n, formaci\u00f3n y estancia.<\/p>\n<h3><strong>Movilidad de los estudiantes de Nueva Aquitania<\/strong><\/h3>\n<ul>\n<li><a href=\"https:\/\/www.nouvelle-aquitaine.fr\/toutes-actualites\/reglement-intervention-harmonise-pour-mobilite-internationale-jeunes.html\" target=\"_blank\" rel=\"noopener\">Reglamento de intervenci\u00f3n movilidad internacional Nueva Aquitania<\/a><\/li>\n<li><a href=\"http:\/\/www.enseignementsup-recherche.gouv.fr\/?menu=7\" target=\"_blank\" rel=\"noopener\">Ministerio de Educaci\u00f3n Nacional, Ense\u00f1anza Superior e Investigaci\u00f3n<\/a>,<\/li>\n<li><a href=\"https:\/\/www.euroguidance-france.org\/\" target=\"_blank\" rel=\"noopener\">Red Euroguidance<\/a>, ofrece informaci\u00f3n sobre cursos de formaci\u00f3n, estudios, cursos de idioma y empleo en Europa<\/li>\n<\/ul>\n<h3><strong>Movilidad de los estudiantes de Euskadi<\/strong><\/h3>\n<ul>\n<li>Beca de movilidad <a href=\"http:\/\/www.becasglobaltraining.eus\/\" target=\"_blank\" rel=\"noopener\">global training<\/a>, estructura para j\u00f3venes graduados que deseen hacer un curso de formaci\u00f3n en el extranjero.<\/li>\n<li><a href=\"http:\/\/www.gazteaukera.euskadi.eus\/r58-5072\/es\/contenidos\/informacion\/becas_internacionales\/es_5072\/index.shtml\" target=\"_blank\" rel=\"noopener\">Informaci\u00f3n becas internacionales<\/a>\u00a0 en el portal de la juventud de Euskadi<\/li>\n<li>La <a href=\"http:\/\/www.elankidetza.euskadi.eus\/x63-homev7\/es\" target=\"_blank\" rel=\"noopener\">Agencia Vasca de Cooperaci\u00f3n para el Desarrollo<\/a> apoya proyectos de formaci\u00f3n sobre cuestiones de desarrollos, as\u00ed como becas para fomentar la participaci\u00f3n en proyectos de desarrollo.<\/li>\n<li><a href=\"http:\/\/www.confebask.es\/\" target=\"_blank\" rel=\"noopener\">CONFEBASK<\/a>, la confederaci\u00f3n de empresas vascas organiza varias pr\u00e1cticas y becas en el extranjero para estudiantes universitarios o de formaci\u00f3n profesional.<\/li>\n<\/ul>\n<h3><strong>Movilidad de los estudiantes de Navarra<\/strong><\/h3>\n<ul>\n<li><a href=\"http:\/\/www.navarra.es\/home_es\/Servicios\/ficha\/7693\/Becas-a-titulados-as-universitarios-as-para-realizar-practicas-internacionales-en-2018-2019\" target=\"_blank\" rel=\"noopener\">Beca movilidad para realizar un curso de formaci\u00f3n en el extranjero para estudiantes de posgrado.<\/a><\/li>\n<li><a href=\"http:\/\/www.navarra.es\/home_es\/servicios\/ficha\/1974\/ayuda-complementaria-a-los-programas-universitarios-de-movilidad-internacional\" target=\"_blank\" rel=\"noopener\">Ayuda complementaria a la movilidad universitaria internacional<\/a> ,<\/li>\n<li><a href=\"http:\/\/www.navarra.es\/home_es\/Servicios\/ficha\/1964\/Becas-para-estancias-de-formacion-en-empresas-de-la-Union-Europea-para-el-alumnado-de-FP\" target=\"_blank\" rel=\"noopener\">Becas movilidad<\/a> para realizar unas pr\u00e1cticas para estudiantes de formaci\u00f3n profesional.<\/li>\n<li><a href=\"https:\/\/www.educacion.navarra.es\/fr\/web\/dpto\/becas-y-ayudas\" target=\"_blank\" rel=\"noopener\">La p\u00e1gina de la Consejer\u00eda de Educaci\u00f3n<\/a> publica una lista de becas y ayudas econ\u00f3micas disponibles en Navarra.<\/li>\n<\/ul>\n<h3><strong>Movilidad de los estudiantes en Europa<\/strong><\/h3>\n<ul>\n<li><a href=\"http:\/\/europa.eu\/youth\/eu%20_fr\" target=\"_blank\" rel=\"noopener\">Portal europeo de la juventud<\/a><\/li>\n<li>Agencia Erasmus + , Educaci\u00f3n Formaci\u00f3n en <a href=\"http:\/\/www.agence-erasmus.fr\/\" target=\"_blank\" rel=\"noopener\">Francia<\/a> y en <a href=\"http:\/\/www.erasmusplus.gob.es\/\" target=\"_blank\" rel=\"noopener\">Espa\u00f1a<\/a><\/li>\n<li><a href=\"https:\/\/ec.europa.eu\/eures\/public\/fr\/homepage\" target=\"_blank\" rel=\"noopener\">Red EURES<\/a>, el portal europeo sobre la movilidad del empleo<\/li>\n<\/ul>\n","protected":false},"excerpt":{"rendered":"<p>La Beca eurorregional Aquitania-Euskadi-Navarra Estructura de apoyo para la movilidad estudiantil transfronteriza financiado por la Eurorregi\u00f3n Nueva Aquitania \u2013 Euskadi \u2013 Navarra, y gestionada por [&hellip;]<\/p>\n","protected":false},"author":13,"featured_media":588,"parent":198,"menu_order":3,"comment_status":"closed","ping_status":"closed","template":"page-sticky_sidebar.php","meta":[],"class_list":["post-215","page","type-page","status-publish","has-post-thumbnail","hentry"],"_links":{"self":[{"href":"https:\/\/www.empleo-info.eu\/es\/wp-json\/wp\/v2\/pages\/215","targetHints":{"allow":["GET"]}}],"collection":[{"href":"https:\/\/www.empleo-info.eu\/es\/wp-json\/wp\/v2\/pages"}],"about":[{"href":"https:\/\/www.empleo-info.eu\/es\/wp-json\/wp\/v2\/types\/page"}],"author":[{"embeddable":true,"href":"https:\/\/www.empleo-info.eu\/es\/wp-json\/wp\/v2\/users\/13"}],"replies":[{"embeddable":true,"href":"https:\/\/www.empleo-info.eu\/es\/wp-json\/wp\/v2\/comments?post=215"}],"version-history":[{"count":0,"href":"https:\/\/www.empleo-info.eu\/es\/wp-json\/wp\/v2\/pages\/215\/revisions"}],"up":[{"embeddable":true,"href":"https:\/\/www.empleo-info.eu\/es\/wp-json\/wp\/v2\/pages\/198"}],"wp:featuredmedia":[{"embeddable":true,"href":"https:\/\/www.empleo-info.eu\/es\/wp-json\/wp\/v2\/media\/588"}],"wp:attachment":[{"href":"https:\/\/www.empleo-info.eu\/es\/wp-json\/wp\/v2\/media?parent=215"}],"curies":[{"name":"wp","href":"https:\/\/api.w.org\/{rel}","templated":true}]}}